{"id":86,"date":"2019-05-09T12:49:52","date_gmt":"2019-05-09T12:49:52","guid":{"rendered":"https:\/\/ucrea.ca\/?page_id=86"},"modified":"2023-03-15T02:04:20","modified_gmt":"2023-03-15T02:04:20","slug":"about-us","status":"publish","type":"page","link":"https:\/\/ucrea.ca\/fr\/about-us\/","title":{"rendered":"\u00c0 Propos"},"content":{"rendered":"<body><div class=\"fusion-fullwidth fullwidth-box fusion-builder-row-1 nonhundred-percent-fullwidth non-hundred-percent-height-scrolling\" style=\"--awb-border-radius-top-left:0px;--awb-border-radius-top-right:0px;--awb-border-radius-bottom-right:0px;--awb-border-radius-bottom-left:0px;--awb-flex-wrap:wrap;\" ><div class=\"fusion-builder-row fusion-row\"><div class=\"fusion-layout-column fusion_builder_column fusion-builder-column-0 fusion_builder_column_1_2 1_2 fusion-one-half fusion-column-first\" style=\"--awb-bg-size:cover;width:50%;width:calc(50% - ( ( 4% ) * 0.5 ) );margin-right: 4%;\"><div class=\"fusion-column-wrapper fusion-column-has-shadow fusion-flex-column-wrapper-legacy\"><div class=\"fusion-text fusion-text-1\"><h2 class=\"fusion-responsive-typography-calculated\" style=\"--fontsize: 18; line-height: 1.5; --minfontsize: 18; font-family: PT Sans; font-weight: bold; --fontSize: 18; --minFontSize: 18;\" data-fontsize=\"18\" data-lineheight=\"27px\" data-fusion-font=\"true\" data-fusion-google-font=\"PT Sans\" data-fusion-google-variant=\"700\">Notre offre<\/h2>\n<p>Apr\u00e8s avoir d\u00e9velopp\u00e9 son expertise en impression 3D, travaill\u00e9 dans l'industrie biom\u00e9dicale et compl\u00e9t\u00e9 son baccalaur\u00e9at en g\u00e9nie m\u00e9canique \u00e0 McGill, Ethienne Racine a lanc\u00e9 UCrea. Notre mission : offrir des services d'impression 3D de haute qualit\u00e9 et abordable comme solution aux petites et moyennes entreprises ayant des besoins en prototypage rapide, en fabrication de petites s\u00e9ries et en production de g\u00e9om\u00e9tries complexes ou personnalis\u00e9es. Notre plateforme en ligne simplifie le processus de commande. Tout cela permet \u00e0 nos clients de se concentrer sur ce qu'ils font de mieux : donner vie \u00e0 de grandes id\u00e9es!<\/p>\n<h2 class=\"fusion-responsive-typography-calculated\" style=\"--fontsize: 18; line-height: 1.5; --minfontsize: 18; font-family: PT Sans; font-weight: bold; --fontSize: 18; --minFontSize: 18;\" data-fontsize=\"18\" data-lineheight=\"27px\" data-fusion-font=\"true\" data-fusion-google-font=\"PT Sans\" data-fusion-google-variant=\"700\">Nos d\u00e9buts<\/h2>\n<p>En 2010, Ethienne a \u00e9t\u00e9 intrigu\u00e9 par le mouvement autour de la d\u00e9mocratisation de l'impression 3D. \u00c0 l'\u00e9poque, l'impression 3D n'\u00e9tait pas aussi accessible qu'elle l'est aujourd'hui. Ethienne a d\u00e9cid\u00e9 de construire sa propre imprimante 3D. Il a rapidement \u00e9t\u00e9 approch\u00e9 pour vendre des r\u00e9pliques de sa machine. Apr\u00e8s avoir it\u00e9r\u00e9 sur son design, il a offert plusieurs ateliers et cr\u00e9\u00e9 des kits pour assembler une imprimante 3D. Apr\u00e8s avoir particip\u00e9 et atteint la finale de la comp\u00e9tition entrepreneuriale McGill Dobson Cup, Ethienne a continu\u00e9 son entreprise en offrant des services d'impression 3D accessibles apr\u00e8s avoir obtenu son dipl\u00f4me en 2018 et a adopt\u00e9 le mod\u00e8le d'affaires actuel plus tard cette ann\u00e9e-l\u00e0.<\/p>\n<h2 class=\"fusion-responsive-typography-calculated\" style=\"--fontsize: 18; line-height: 1.5; --minfontsize: 18; font-family: PT Sans; font-weight: bold; --fontSize: 18; --minFontSize: 18;\" data-fontsize=\"18\" data-lineheight=\"27px\" data-fusion-font=\"true\" data-fusion-google-font=\"PT Sans\" data-fusion-google-variant=\"700\">We\u2019re approachable!<\/h2>\n<p>Contactez-nous au <strong>info@ucrea.ca<\/strong><\/p>\n<p>We\u2019d be happy to answer all your questions and share our expertise in 3D printing to help you bring your projects to life!<\/p>\n<\/div><div class=\"fusion-button-wrapper fusion-aligncenter\"><a class=\"fusion-button button-flat fusion-button-default-size button-default fusion-button-default button-1 fusion-button-default-span fusion-button-default-type\" style=\"--awb-margin-top:3%;--awb-margin-bottom:3%;--awb-padding-top:3%;--awb-padding-bottom:3%;\" target=\"_self\" href=\"https:\/\/ucrea.ca\/index.php\/montreal-3d-printing-services\/order\/\"><span class=\"fusion-button-text awb-button__text awb-button__text--default\">Commandez en ligne maintenant<\/span><\/a><\/div><div class=\"fusion-clearfix\"><\/div><\/div><\/div><div class=\"fusion-layout-column fusion_builder_column fusion-builder-column-1 fusion_builder_column_1_2 1_2 fusion-one-half fusion-column-last\" style=\"--awb-bg-size:cover;width:50%;width:calc(50% - ( ( 4% ) * 0.5 ) );\"><div class=\"fusion-column-wrapper fusion-column-has-shadow fusion-flex-column-wrapper-legacy\"><div class=\"fusion-image-element in-legacy-container\" style=\"--awb-caption-title-font-family:var(--h2_typography-font-family);--awb-caption-title-font-weight:var(--h2_typography-font-weight);--awb-caption-title-font-style:var(--h2_typography-font-style);--awb-caption-title-size:var(--h2_typography-font-size);--awb-caption-title-transform:var(--h2_typography-text-transform);--awb-caption-title-line-height:var(--h2_typography-line-height);--awb-caption-title-letter-spacing:var(--h2_typography-letter-spacing);\"><span class=\"fusion-imageframe imageframe-none imageframe-1 hover-type-none\"><img data-recalc-dims=\"1\" decoding=\"async\" width=\"1100\" height=\"1045\" title=\"Ethienne-R1\" src=\"https:\/\/i0.wp.com\/ucrea.ca\/wp-content\/uploads\/2023\/01\/Ethienne-R1-scaled-e1673031940155.jpg?resize=1100%2C1045\" alt class=\"img-responsive wp-image-535\" srcset=\"https:\/\/i0.wp.com\/ucrea.ca\/wp-content\/uploads\/2023\/01\/Ethienne-R1-scaled-e1673031940155.jpg?resize=200%2C190&amp;ssl=1 200w, https:\/\/i0.wp.com\/ucrea.ca\/wp-content\/uploads\/2023\/01\/Ethienne-R1-scaled-e1673031940155.jpg?resize=300%2C285&amp;ssl=1 300w, https:\/\/i0.wp.com\/ucrea.ca\/wp-content\/uploads\/2023\/01\/Ethienne-R1-scaled-e1673031940155.jpg?resize=400%2C380&amp;ssl=1 400w, https:\/\/i0.wp.com\/ucrea.ca\/wp-content\/uploads\/2023\/01\/Ethienne-R1-scaled-e1673031940155.jpg?resize=600%2C570&amp;ssl=1 600w, https:\/\/i0.wp.com\/ucrea.ca\/wp-content\/uploads\/2023\/01\/Ethienne-R1-scaled-e1673031940155.jpg?resize=768%2C730&amp;ssl=1 768w, https:\/\/i0.wp.com\/ucrea.ca\/wp-content\/uploads\/2023\/01\/Ethienne-R1-scaled-e1673031940155.jpg?resize=800%2C760&amp;ssl=1 800w, https:\/\/i0.wp.com\/ucrea.ca\/wp-content\/uploads\/2023\/01\/Ethienne-R1-scaled-e1673031940155.jpg?resize=1024%2C973&amp;ssl=1 1024w, https:\/\/i0.wp.com\/ucrea.ca\/wp-content\/uploads\/2023\/01\/Ethienne-R1-scaled-e1673031940155.jpg?resize=1200%2C1140&amp;ssl=1 1200w, https:\/\/i0.wp.com\/ucrea.ca\/wp-content\/uploads\/2023\/01\/Ethienne-R1-scaled-e1673031940155.jpg?resize=1536%2C1459&amp;ssl=1 1536w, https:\/\/i0.wp.com\/ucrea.ca\/wp-content\/uploads\/2023\/01\/Ethienne-R1-scaled-e1673031940155.jpg?fit=1920%2C1824&amp;ssl=1 1920w\" sizes=\"(max-width: 800px) 100vw, 600px\" \/><\/span><\/div><div class=\"fusion-clearfix\"><\/div><\/div><\/div><\/div><\/div>\n<\/p><\/body>","protected":false},"excerpt":{"rendered":"","protected":false},"author":1,"featured_media":0,"parent":0,"menu_order":0,"comment_status":"closed","ping_status":"closed","template":"","meta":{"_monsterinsights_skip_tracking":false,"_monsterinsights_sitenote_active":false,"_monsterinsights_sitenote_note":"","_monsterinsights_sitenote_category":0,"footnotes":""},"class_list":["post-86","page","type-page","status-publish","hentry"],"yoast_head":"<!-- This site is optimized with the Yoast SEO plugin v27.5 - https:\/\/yoast.com\/product\/yoast-seo-wordpress\/ -->\n<title>About Us - UCrea<\/title>\n<meta name=\"robots\" content=\"index, follow, max-snippet:-1, max-image-preview:large, max-video-preview:-1\" \/>\n<link rel=\"canonical\" href=\"https:\/\/ucrea.ca\/fr\/about-us\/\" \/>\n<meta property=\"og:locale\" content=\"fr_CA\" \/>\n<meta property=\"og:type\" content=\"article\" \/>\n<meta property=\"og:title\" content=\"About Us - UCrea\" \/>\n<meta property=\"og:url\" content=\"https:\/\/ucrea.ca\/fr\/about-us\/\" \/>\n<meta property=\"og:site_name\" content=\"UCrea\" \/>\n<meta property=\"article:publisher\" content=\"https:\/\/www.facebook.com\/UcreaOfficial\/\" \/>\n<meta property=\"article:modified_time\" content=\"2023-03-15T02:04:20+00:00\" \/>\n<meta name=\"twitter:card\" content=\"summary_large_image\" \/>\n<meta name=\"twitter:label1\" content=\"Estimation du temps de lecture\" \/>\n\t<meta name=\"twitter:data1\" content=\"2 minutes\" \/>\n<script type=\"application\/ld+json\" class=\"yoast-schema-graph\">{\"@context\":\"https:\\\/\\\/schema.org\",\"@graph\":[{\"@type\":\"WebPage\",\"@id\":\"https:\\\/\\\/ucrea.ca\\\/about-us\\\/\",\"url\":\"https:\\\/\\\/ucrea.ca\\\/about-us\\\/\",\"name\":\"About Us - UCrea\",\"isPartOf\":{\"@id\":\"https:\\\/\\\/ucrea.ca\\\/#website\"},\"datePublished\":\"2019-05-09T12:49:52+00:00\",\"dateModified\":\"2023-03-15T02:04:20+00:00\",\"breadcrumb\":{\"@id\":\"https:\\\/\\\/ucrea.ca\\\/about-us\\\/#breadcrumb\"},\"inLanguage\":\"fr-CA\",\"potentialAction\":[{\"@type\":\"ReadAction\",\"target\":[\"https:\\\/\\\/ucrea.ca\\\/about-us\\\/\"]}]},{\"@type\":\"BreadcrumbList\",\"@id\":\"https:\\\/\\\/ucrea.ca\\\/about-us\\\/#breadcrumb\",\"itemListElement\":[{\"@type\":\"ListItem\",\"position\":1,\"name\":\"Home\",\"item\":\"https:\\\/\\\/ucrea.ca\\\/\"},{\"@type\":\"ListItem\",\"position\":2,\"name\":\"About Us\"}]},{\"@type\":\"WebSite\",\"@id\":\"https:\\\/\\\/ucrea.ca\\\/#website\",\"url\":\"https:\\\/\\\/ucrea.ca\\\/\",\"name\":\"UCrea 3d printing services\",\"description\":\"From imagination to reality\",\"publisher\":{\"@id\":\"https:\\\/\\\/ucrea.ca\\\/#organization\"},\"potentialAction\":[{\"@type\":\"SearchAction\",\"target\":{\"@type\":\"EntryPoint\",\"urlTemplate\":\"https:\\\/\\\/ucrea.ca\\\/?s={search_term_string}\"},\"query-input\":{\"@type\":\"PropertyValueSpecification\",\"valueRequired\":true,\"valueName\":\"search_term_string\"}}],\"inLanguage\":\"fr-CA\"},{\"@type\":\"Organization\",\"@id\":\"https:\\\/\\\/ucrea.ca\\\/#organization\",\"name\":\"UCrea\",\"url\":\"https:\\\/\\\/ucrea.ca\\\/\",\"logo\":{\"@type\":\"ImageObject\",\"inLanguage\":\"fr-CA\",\"@id\":\"https:\\\/\\\/ucrea.ca\\\/#\\\/schema\\\/logo\\\/image\\\/\",\"url\":\"https:\\\/\\\/ucrea.ca\\\/wp-content\\\/uploads\\\/2019\\\/05\\\/UCrealogoA1-1-e1557609241913.png\",\"contentUrl\":\"https:\\\/\\\/ucrea.ca\\\/wp-content\\\/uploads\\\/2019\\\/05\\\/UCrealogoA1-1-e1557609241913.png\",\"width\":200,\"height\":200,\"caption\":\"UCrea\"},\"image\":{\"@id\":\"https:\\\/\\\/ucrea.ca\\\/#\\\/schema\\\/logo\\\/image\\\/\"},\"sameAs\":[\"https:\\\/\\\/www.facebook.com\\\/UcreaOfficial\\\/\",\"https:\\\/\\\/www.instagram.com\\\/ucrea_3dprinting\\\/\",\"https:\\\/\\\/www.youtube.com\\\/channel\\\/UCnJL7eDItYc6cDhDo2KoDsg\"]}]}<\/script>\n<!-- \/ Yoast SEO plugin. -->","yoast_head_json":{"title":"About Us - UCrea","robots":{"index":"index","follow":"follow","max-snippet":"max-snippet:-1","max-image-preview":"max-image-preview:large","max-video-preview":"max-video-preview:-1"},"canonical":"https:\/\/ucrea.ca\/fr\/about-us\/","og_locale":"fr_CA","og_type":"article","og_title":"About Us - UCrea","og_url":"https:\/\/ucrea.ca\/fr\/about-us\/","og_site_name":"UCrea","article_publisher":"https:\/\/www.facebook.com\/UcreaOfficial\/","article_modified_time":"2023-03-15T02:04:20+00:00","twitter_card":"summary_large_image","twitter_misc":{"Estimation du temps de lecture":"2 minutes"},"schema":{"@context":"https:\/\/schema.org","@graph":[{"@type":"WebPage","@id":"https:\/\/ucrea.ca\/about-us\/","url":"https:\/\/ucrea.ca\/about-us\/","name":"About Us - UCrea","isPartOf":{"@id":"https:\/\/ucrea.ca\/#website"},"datePublished":"2019-05-09T12:49:52+00:00","dateModified":"2023-03-15T02:04:20+00:00","breadcrumb":{"@id":"https:\/\/ucrea.ca\/about-us\/#breadcrumb"},"inLanguage":"fr-CA","potentialAction":[{"@type":"ReadAction","target":["https:\/\/ucrea.ca\/about-us\/"]}]},{"@type":"BreadcrumbList","@id":"https:\/\/ucrea.ca\/about-us\/#breadcrumb","itemListElement":[{"@type":"ListItem","position":1,"name":"Home","item":"https:\/\/ucrea.ca\/"},{"@type":"ListItem","position":2,"name":"About Us"}]},{"@type":"WebSite","@id":"https:\/\/ucrea.ca\/#website","url":"https:\/\/ucrea.ca\/","name":"UCrea 3d printing services","description":"From imagination to reality","publisher":{"@id":"https:\/\/ucrea.ca\/#organization"},"potentialAction":[{"@type":"SearchAction","target":{"@type":"EntryPoint","urlTemplate":"https:\/\/ucrea.ca\/?s={search_term_string}"},"query-input":{"@type":"PropertyValueSpecification","valueRequired":true,"valueName":"search_term_string"}}],"inLanguage":"fr-CA"},{"@type":"Organization","@id":"https:\/\/ucrea.ca\/#organization","name":"UCrea","url":"https:\/\/ucrea.ca\/","logo":{"@type":"ImageObject","inLanguage":"fr-CA","@id":"https:\/\/ucrea.ca\/#\/schema\/logo\/image\/","url":"https:\/\/ucrea.ca\/wp-content\/uploads\/2019\/05\/UCrealogoA1-1-e1557609241913.png","contentUrl":"https:\/\/ucrea.ca\/wp-content\/uploads\/2019\/05\/UCrealogoA1-1-e1557609241913.png","width":200,"height":200,"caption":"UCrea"},"image":{"@id":"https:\/\/ucrea.ca\/#\/schema\/logo\/image\/"},"sameAs":["https:\/\/www.facebook.com\/UcreaOfficial\/","https:\/\/www.instagram.com\/ucrea_3dprinting\/","https:\/\/www.youtube.com\/channel\/UCnJL7eDItYc6cDhDo2KoDsg"]}]}},"jetpack_sharing_enabled":true,"_links":{"self":[{"href":"https:\/\/ucrea.ca\/fr\/wp-json\/wp\/v2\/pages\/86","targetHints":{"allow":["GET"]}}],"collection":[{"href":"https:\/\/ucrea.ca\/fr\/wp-json\/wp\/v2\/pages"}],"about":[{"href":"https:\/\/ucrea.ca\/fr\/wp-json\/wp\/v2\/types\/page"}],"author":[{"embeddable":true,"href":"https:\/\/ucrea.ca\/fr\/wp-json\/wp\/v2\/users\/1"}],"replies":[{"embeddable":true,"href":"https:\/\/ucrea.ca\/fr\/wp-json\/wp\/v2\/comments?post=86"}],"version-history":[{"count":15,"href":"https:\/\/ucrea.ca\/fr\/wp-json\/wp\/v2\/pages\/86\/revisions"}],"predecessor-version":[{"id":616,"href":"https:\/\/ucrea.ca\/fr\/wp-json\/wp\/v2\/pages\/86\/revisions\/616"}],"wp:attachment":[{"href":"https:\/\/ucrea.ca\/fr\/wp-json\/wp\/v2\/media?parent=86"}],"curies":[{"name":"wp","href":"https:\/\/api.w.org\/{rel}","templated":true}]}}